{"id":842,"date":"2022-06-22T16:59:39","date_gmt":"2022-06-22T16:59:39","guid":{"rendered":"https:\/\/bricofel.com\/site\/?post_type=product&#038;p=842"},"modified":"2022-06-22T16:59:51","modified_gmt":"2022-06-22T16:59:51","slug":"pregadora-xgt-40v-max-15-40-mm","status":"publish","type":"product","link":"https:\/\/bricofel.com\/site\/product\/pregadora-xgt-40v-max-15-40-mm\/","title":{"rendered":"Pregadora XGT\u00ae, 40V max, 15 &#8211; 40 mm"},"content":{"rendered":"<div class=\"techspecs--row\">\n<div class=\"techspecs--row-specification\">Tens\u00e3o nominal da bateria<\/div>\n<div class=\"techspecs--row-value\">40Vm\u00e1x<\/div>\n<\/div>\n<div class=\"techspecs--row\">\n<div class=\"techspecs--row-specification\">Tipo de bateria<\/div>\n<div class=\"techspecs--row-value\">XGT<\/div>\n<\/div>\n<div class=\"techspecs--row\">\n<div class=\"techspecs--row-specification\">Di\u00e2metro do prego<\/div>\n<div class=\"techspecs--row-value\">1,2 mm<\/div>\n<\/div>\n<div class=\"techspecs--row\">\n<div class=\"techspecs--row-specification\">Comprimento do prego<\/div>\n<div class=\"techspecs--row-value\">15, 20, 25, 30, 35, 40 mm<\/div>\n<\/div>\n<div class=\"techspecs--row\">\n<div class=\"techspecs--row-specification\">N\u00famero de agrafos ou pregos por carga de bateria<\/div>\n<div class=\"techspecs--row-value\">5.000 pcs<\/div>\n<\/div>\n<div class=\"techspecs--row\">\n<div class=\"techspecs--row-specification\">Capacidade de carga<\/div>\n<div class=\"techspecs--row-value\">100 pcs<\/div>\n<\/div>\n<div class=\"techspecs--row\">\n<div class=\"techspecs--row-specification\">Peso<\/div>\n<div class=\"techspecs--row-value\">3,2 Kg<\/div>\n<\/div>\n<div class=\"techspecs--row\">\n<div class=\"techspecs--row-specification\">Dimens\u00f5es (CxLxA)<\/div>\n<div class=\"techspecs--row-value\">291 x 86 x 263 mm<\/div>\n<\/div>\n<div class=\"techspecs--row\">\n<div class=\"techspecs--row-specification\">Motor<\/div>\n<div class=\"techspecs--row-value\">BL<\/div>\n<\/div>\n<div class=\"techspecs--row\">\n<div class=\"techspecs--row-specification\">Ilumina\u00e7\u00e3o integrada<\/div>\n<div class=\"techspecs--row-value\"><\/div>\n<\/div>\n<div class=\"techspecs--row\">\n<div class=\"techspecs--row-specification\">Emiss\u00e3o de vibra\u00e7\u00e3o<\/div>\n<div class=\"techspecs--row-value\">2,50 m\/seg\u00b2<\/div>\n<\/div>\n<div class=\"techspecs--row\">\n<div class=\"techspecs--row-specification\">Incerteza da vibra\u00e7\u00e3o<\/div>\n<div class=\"techspecs--row-value\">1,50 m\/seg\u00b2<\/div>\n<\/div>\n<div class=\"techspecs--row\">\n<div class=\"techspecs--row-specification\">Press\u00e3o sonora<\/div>\n<div class=\"techspecs--row-value\">81,00 dB(A)<\/div>\n<\/div>\n<div class=\"techspecs--row\">\n<div class=\"techspecs--row-specification\">Pot\u00eancia sonora<\/div>\n<div class=\"techspecs--row-value\">92,00 dB(A)<\/div>\n<\/div>\n<div class=\"techspecs--row\">\n<div class=\"techspecs--row-specification\">Incerteza (k) sonora<\/div>\n<div class=\"techspecs--row-value\">3,00 dB(A)<\/div>\n<\/div>\n","protected":false},"excerpt":{"rendered":"<p>Ideal para a condu\u00e7\u00e3o r\u00e1pida de pregos at\u00e9 40 mm de comprimento.<\/p>\n","protected":false},"featured_media":845,"template":"","meta":[],"product_cat":[106],"product_tag":[],"class_list":["post-842","product","type-product","status-publish","has-post-thumbnail","hentry","product_cat-ferramentas-eletricas","product_brand-makita"],"aioseo_notices":[],"_links":{"self":[{"href":"https:\/\/bricofel.com\/site\/wp-json\/wp\/v2\/product\/842","targetHints":{"allow":["GET"]}}],"collection":[{"href":"https:\/\/bricofel.com\/site\/wp-json\/wp\/v2\/product"}],"about":[{"href":"https:\/\/bricofel.com\/site\/wp-json\/wp\/v2\/types\/product"}],"wp:featuredmedia":[{"embeddable":true,"href":"https:\/\/bricofel.com\/site\/wp-json\/wp\/v2\/media\/845"}],"wp:attachment":[{"href":"https:\/\/bricofel.com\/site\/wp-json\/wp\/v2\/media?parent=842"}],"wp:term":[{"taxonomy":"product_cat","embeddable":true,"href":"https:\/\/bricofel.com\/site\/wp-json\/wp\/v2\/product_cat?post=842"},{"taxonomy":"product_tag","embeddable":true,"href":"https:\/\/bricofel.com\/site\/wp-json\/wp\/v2\/product_tag?post=842"}],"curies":[{"name":"wp","href":"https:\/\/api.w.org\/{rel}","templated":true}]}}