{"id":848,"date":"2022-06-23T08:14:29","date_gmt":"2022-06-23T08:14:29","guid":{"rendered":"https:\/\/bricofel.com\/site\/?post_type=product&#038;p=848"},"modified":"2022-06-23T08:14:30","modified_gmt":"2022-06-23T08:14:30","slug":"aparafusadora-de-impacto-18v-4-0ah-dtd152rtj","status":"publish","type":"product","link":"https:\/\/bricofel.com\/site\/product\/aparafusadora-de-impacto-18v-4-0ah-dtd152rtj\/","title":{"rendered":"Aparafusadora de impacto 18V 4.0Ah DTD152RTJ"},"content":{"rendered":"<div class=\"techspecs--row\">\n<div class=\"techspecs--row-specification\">Tens\u00e3o nominal da bateria<\/div>\n<div class=\"techspecs--row-value\">18V<\/div>\n<\/div>\n<div class=\"techspecs--row\">\n<div class=\"techspecs--row-specification\">Tipo de bateria<\/div>\n<div class=\"techspecs--row-value\">LXT<\/div>\n<\/div>\n<div class=\"techspecs--row\">\n<div class=\"techspecs--row-specification\">Amperagem da bateria<\/div>\n<div class=\"techspecs--row-value\">5,0 Ah<\/div>\n<\/div>\n<div class=\"techspecs--row\">\n<div class=\"techspecs--row-specification\">Rota\u00e7\u00f5es por minuto. (r.p.m)<\/div>\n<div class=\"techspecs--row-value\">0 &#8211; 2.900 Rpm<\/div>\n<\/div>\n<div class=\"techspecs--row\">\n<div class=\"techspecs--row-specification\">RPM baixo<\/div>\n<div class=\"techspecs--row-value\">&#8211; 1.100 Rpm<\/div>\n<\/div>\n<div class=\"techspecs--row\">\n<div class=\"techspecs--row-specification\">RPM M\u00e9dia<\/div>\n<div class=\"techspecs--row-value\">&#8211; 2.100 Rpm<\/div>\n<\/div>\n<div class=\"techspecs--row\">\n<div class=\"techspecs--row-specification\">I.p.m<span class=\"techspecs--row-specification-info\"><i class=\"fa fa-fw fa-info-circle\">\u00a0<\/i><\/span><\/div>\n<div class=\"techspecs--row-value\">0 &#8211; 3.500 ipm<\/div>\n<\/div>\n<div class=\"techspecs--row\">\n<div class=\"techspecs--row-specification\">Par m\u00e1x. de aperto<\/div>\n<div class=\"techspecs--row-value\">165 Nm<\/div>\n<\/div>\n<div class=\"techspecs--row\">\n<div class=\"techspecs--row-specification\">Inser\u00e7\u00e3o<\/div>\n<div class=\"techspecs--row-value\">1\/4&#8243; hex.<\/div>\n<\/div>\n<div class=\"techspecs--row\">\n<div class=\"techspecs--row-specification\">Capacidade m\u00e1x. parafusos de madeira<\/div>\n<div class=\"techspecs--row-value\">22-125 mm<\/div>\n<\/div>\n<div class=\"techspecs--row\">\n<div class=\"techspecs--row-specification\">Peso<\/div>\n<div class=\"techspecs--row-value\">1,5 Kg<\/div>\n<\/div>\n<div class=\"techspecs--row\">\n<div class=\"techspecs--row-specification\">Dimens\u00f5es (CxLxA)<\/div>\n<div class=\"techspecs--row-value\">137 x 79 x 238 mm<\/div>\n<\/div>\n<div class=\"techspecs--row\">\n<div class=\"techspecs--row-specification\">Tempo de carga<\/div>\n<div class=\"techspecs--row-value\">36 min<\/div>\n<\/div>\n<div class=\"techspecs--row\">\n<div class=\"techspecs--row-specification\">Indicador de carga da bateria<\/div>\n<div class=\"techspecs--row-value\"><\/div>\n<\/div>\n<div class=\"techspecs--row\">\n<div class=\"techspecs--row-specification\">Prote\u00e7\u00e3o contra sobrecarga<\/div>\n<div class=\"techspecs--row-value\"><\/div>\n<\/div>\n<div class=\"techspecs--row\">\n<div class=\"techspecs--row-specification\">Prote\u00e7\u00e3o contra descargas profundas<\/div>\n<div class=\"techspecs--row-value\"><\/div>\n<\/div>\n<div class=\"techspecs--row\">\n<div class=\"techspecs--row-specification\">Velocidade vari\u00e1vel (interruptor)<\/div>\n<div class=\"techspecs--row-value\"><\/div>\n<\/div>\n<div class=\"techspecs--row\">\n<div class=\"techspecs--row-specification\">Trav\u00e3o el\u00e9ctrico<\/div>\n<div class=\"techspecs--row-value\"><\/div>\n<\/div>\n<div class=\"techspecs--row\">\n<div class=\"techspecs--row-specification\">Ilumina\u00e7\u00e3o integrada<\/div>\n<div class=\"techspecs--row-value\"><\/div>\n<\/div>\n<div class=\"techspecs--row\">\n<div class=\"techspecs--row-specification\">Gancho para cinto<\/div>\n<div class=\"techspecs--row-value\"><\/div>\n<\/div>\n<div class=\"techspecs--row\">\n<div class=\"techspecs--row-specification\">Emiss\u00e3o de vibra\u00e7\u00e3o<\/div>\n<div class=\"techspecs--row-value\">10,50 m\/seg\u00b2<\/div>\n<\/div>\n<div class=\"techspecs--row\">\n<div class=\"techspecs--row-specification\">Incerteza da vibra\u00e7\u00e3o<\/div>\n<div class=\"techspecs--row-value\">1,50 m\/seg\u00b2<\/div>\n<\/div>\n<div class=\"techspecs--row\">\n<div class=\"techspecs--row-specification\">Press\u00e3o sonora<\/div>\n<div class=\"techspecs--row-value\">93,00 dB(A)<\/div>\n<\/div>\n<div class=\"techspecs--row\">\n<div class=\"techspecs--row-specification\">Pot\u00eancia sonora<\/div>\n<div class=\"techspecs--row-value\">104,00 dB(A)<\/div>\n<\/div>\n<div class=\"techspecs--row\">\n<div class=\"techspecs--row-specification\">Incerteza (k) sonora<\/div>\n<div class=\"techspecs--row-value\">3,00 dB(A)<\/div>\n<\/div>\n","protected":false},"excerpt":{"rendered":"<div class=\"product-description--short-title\">DTD152RME Aparafusadora de impacto 18V 4.0Ah<\/div>\n<div class=\"product-description--short-description\">Novo motor de 4 escovas proporciona maior pot\u00eancia. 165 Nm.<\/div>\n","protected":false},"featured_media":854,"template":"","meta":[],"product_cat":[106],"product_tag":[],"class_list":["post-848","product","type-product","status-publish","has-post-thumbnail","hentry","product_cat-ferramentas-eletricas"],"aioseo_notices":[],"_links":{"self":[{"href":"https:\/\/bricofel.com\/site\/wp-json\/wp\/v2\/product\/848","targetHints":{"allow":["GET"]}}],"collection":[{"href":"https:\/\/bricofel.com\/site\/wp-json\/wp\/v2\/product"}],"about":[{"href":"https:\/\/bricofel.com\/site\/wp-json\/wp\/v2\/types\/product"}],"wp:featuredmedia":[{"embeddable":true,"href":"https:\/\/bricofel.com\/site\/wp-json\/wp\/v2\/media\/854"}],"wp:attachment":[{"href":"https:\/\/bricofel.com\/site\/wp-json\/wp\/v2\/media?parent=848"}],"wp:term":[{"taxonomy":"product_cat","embeddable":true,"href":"https:\/\/bricofel.com\/site\/wp-json\/wp\/v2\/product_cat?post=848"},{"taxonomy":"product_tag","embeddable":true,"href":"https:\/\/bricofel.com\/site\/wp-json\/wp\/v2\/product_tag?post=848"}],"curies":[{"name":"wp","href":"https:\/\/api.w.org\/{rel}","templated":true}]}}