{"id":857,"date":"2022-06-23T08:18:14","date_gmt":"2022-06-23T08:18:14","guid":{"rendered":"https:\/\/bricofel.com\/site\/?post_type=product&#038;p=857"},"modified":"2022-06-23T08:30:40","modified_gmt":"2022-06-23T08:30:40","slug":"berbequim-angular-a-bateria-18vx2-da001gz","status":"publish","type":"product","link":"https:\/\/bricofel.com\/site\/product\/berbequim-angular-a-bateria-18vx2-da001gz\/","title":{"rendered":"Berbequim angular a bateria 18Vx2 &#8211; DA001GZ"},"content":{"rendered":"<div class=\"techspecs--row\">\n<div class=\"techspecs--row-specification\">Tens\u00e3o nominal da bateria<\/div>\n<div class=\"techspecs--row-value\">40V<\/div>\n<\/div>\n<div class=\"techspecs--row\">\n<div class=\"techspecs--row-specification\">Tipo de bateria<\/div>\n<div class=\"techspecs--row-value\">XGT<\/div>\n<\/div>\n<div class=\"techspecs--row\">\n<div class=\"techspecs--row-specification\">Amperagem da bateria<\/div>\n<div class=\"techspecs--row-value\">5,0 Ah<\/div>\n<\/div>\n<div class=\"techspecs--row\">\n<div class=\"techspecs--row-specification\">Motor<\/div>\n<div class=\"techspecs--row-value\">BL<\/div>\n<\/div>\n<div class=\"techspecs--row\">\n<div class=\"techspecs--row-specification\">RPM baixo<\/div>\n<div class=\"techspecs--row-value\">0 &#8211; 400 Rpm<\/div>\n<\/div>\n<div class=\"techspecs--row\">\n<div class=\"techspecs--row-specification\">RPM alta<\/div>\n<div class=\"techspecs--row-value\">0 &#8211; 1.500 Rpm<\/div>\n<\/div>\n<div class=\"techspecs--row\">\n<div class=\"techspecs--row-specification\">Capacidade portabrocas<\/div>\n<div class=\"techspecs--row-value\">2 &#8211; 13 mm<\/div>\n<\/div>\n<div class=\"techspecs--row\">\n<div class=\"techspecs--row-specification\">Capacidade m\u00e1x. em metal<\/div>\n<div class=\"techspecs--row-value\">13 mm<\/div>\n<\/div>\n<div class=\"techspecs--row\">\n<div class=\"techspecs--row-specification\">Capacidade m\u00e1x. em madeira<\/div>\n<div class=\"techspecs--row-value\">50 mm<\/div>\n<\/div>\n<div class=\"techspecs--row\">\n<div class=\"techspecs--row-specification\">Capacidade m\u00e1x. em madeira<\/div>\n<div class=\"techspecs--row-value\">159 mm<\/div>\n<\/div>\n<div class=\"techspecs--row\">\n<div class=\"techspecs--row-specification\">Velocidade vari\u00e1vel (interruptor)<\/div>\n<div class=\"techspecs--row-value\"><\/div>\n<\/div>\n<div class=\"techspecs--row\">\n<div class=\"techspecs--row-specification\">Trav\u00e3o el\u00e9ctrico<\/div>\n<div class=\"techspecs--row-value\"><\/div>\n<\/div>\n<div class=\"techspecs--row\">\n<div class=\"techspecs--row-specification\">Dimens\u00f5es (CxLxA)<\/div>\n<div class=\"techspecs--row-value\">566 x 128 x 199 mm<\/div>\n<\/div>\n<div class=\"techspecs--row\">\n<div class=\"techspecs--row-specification\">Peso<\/div>\n<div class=\"techspecs--row-value\">6,2 Kg<\/div>\n<\/div>\n<div class=\"techspecs--row\">\n<div class=\"techspecs--row-specification\">Emiss\u00e3o de vibra\u00e7\u00e3o<\/div>\n<div class=\"techspecs--row-value\">2,50 m\/seg\u00b2<\/div>\n<\/div>\n<div class=\"techspecs--row\">\n<div class=\"techspecs--row-specification\">Incerteza da vibra\u00e7\u00e3o<\/div>\n<div class=\"techspecs--row-value\">1,50 m\/seg\u00b2<\/div>\n<\/div>\n<div class=\"techspecs--row\">\n<div class=\"techspecs--row-specification\">Press\u00e3o sonora<\/div>\n<div class=\"techspecs--row-value\">85,00 dB(A)<\/div>\n<\/div>\n<div class=\"techspecs--row\">\n<div class=\"techspecs--row-specification\">Pot\u00eancia sonora<\/div>\n<div class=\"techspecs--row-value\">96,00 dB(A)<\/div>\n<\/div>\n<div class=\"techspecs--row\">\n<div class=\"techspecs--row-specification\">Incerteza (k) sonora<\/div>\n<div class=\"techspecs--row-value\">3,00 dB(A)<\/div>\n<\/div>\n","protected":false},"excerpt":{"rendered":"<div class=\"product-description--short-title\">DDA460ZK<\/div>\n<div class=\"product-description--short-description\">Berbequim angular a bateria 18Vx2 de grande pot\u00eancia.<\/div>\n","protected":false},"featured_media":860,"template":"","meta":[],"product_cat":[106],"product_tag":[],"class_list":["post-857","product","type-product","status-publish","has-post-thumbnail","hentry","product_cat-ferramentas-eletricas","product_brand-makita"],"aioseo_notices":[],"_links":{"self":[{"href":"https:\/\/bricofel.com\/site\/wp-json\/wp\/v2\/product\/857","targetHints":{"allow":["GET"]}}],"collection":[{"href":"https:\/\/bricofel.com\/site\/wp-json\/wp\/v2\/product"}],"about":[{"href":"https:\/\/bricofel.com\/site\/wp-json\/wp\/v2\/types\/product"}],"wp:featuredmedia":[{"embeddable":true,"href":"https:\/\/bricofel.com\/site\/wp-json\/wp\/v2\/media\/860"}],"wp:attachment":[{"href":"https:\/\/bricofel.com\/site\/wp-json\/wp\/v2\/media?parent=857"}],"wp:term":[{"taxonomy":"product_cat","embeddable":true,"href":"https:\/\/bricofel.com\/site\/wp-json\/wp\/v2\/product_cat?post=857"},{"taxonomy":"product_tag","embeddable":true,"href":"https:\/\/bricofel.com\/site\/wp-json\/wp\/v2\/product_tag?post=857"}],"curies":[{"name":"wp","href":"https:\/\/api.w.org\/{rel}","templated":true}]}}